{"id":1004,"date":"2022-09-11T17:06:03","date_gmt":"2022-09-11T14:06:03","guid":{"rendered":"https:\/\/maja.abel.ee\/?page_id=1004"},"modified":"2022-09-13T17:32:48","modified_gmt":"2022-09-13T14:32:48","slug":"2022-2","status":"publish","type":"page","link":"https:\/\/maja.abel.ee\/?page_id=1004","title":{"rendered":"2022"},"content":{"rendered":"\n<div class=\"wp-block-columns is-layout-flex wp-container-core-columns-is-layout-9d6595d7 wp-block-columns-is-layout-flex\">\n<div class=\"wp-block-column is-layout-flow wp-block-column-is-layout-flow\" style=\"flex-basis:100%\">\n<div class=\"wp-block-group\"><div class=\"wp-block-group__inner-container is-layout-flow wp-block-group-is-layout-flow\">\n<div class=\"wp-block-columns is-layout-flex wp-container-core-columns-is-layout-9d6595d7 wp-block-columns-is-layout-flex\">\n<div class=\"wp-block-column is-layout-flow wp-block-column-is-layout-flow\" style=\"flex-basis:100%\">\n<figure class=\"wp-block-table is-style-stripes\"><table class=\"has-white-background-color has-background\"><tbody><tr><td><\/td><td>terrass ja hekk<\/td><td><\/td><td><\/td><\/tr><tr><td><\/td><td><\/td><td><\/td><td><\/td><\/tr><tr><td>&nbsp;22.07<\/td><td>ostsime terrassim\u00f6\u00f6bli ja n\u00fc\u00fcd peab hakkama terrassi ehitama<\/td><td><\/td><td><\/td><td>&nbsp;729.-<\/td><\/tr><tr><td><\/td><td>valasime k\u00f5nnitee \u00e4\u00e4ri. ostsin 2 kotti tsementi<\/td><td><\/td><td><\/td><\/tr><tr><td>&nbsp;<\/td><td>hakkasime terrassi ehitama. henri oli abis ja kaevasime vundamendi kraavi<\/td><td><\/td><td><\/td><td>&nbsp;<\/td><\/tr><tr><td><\/td><td>tegin saalungeid<\/td><td><\/td><td><\/td><td><\/td><\/tr><tr><td><\/td><td>valasime vundamendi 2 k\u00fclge<a href=\"https:\/\/maja.abel.ee\/pildid\/saun5.jpg\"><\/a><\/td><td><\/td><td><\/td><td><\/td><\/tr><tr><td><\/td><td>valasime veel 2 k\u00fclge<\/td><td><\/td><td><\/td><\/tr><tr><td>&nbsp;23.07<\/td><td>ostsin 57 fibo plokki<\/td><td><\/td><td><\/td><td>&nbsp;113.-<\/td><\/tr><tr><td>28.07<\/td><td>ostsin survepesuri<\/td><td><\/td><td>104.-<\/td><\/tr><tr><td>30.07<\/td><td>ostsin nivelliiri<\/td><td><\/td><td>55.-<\/td><\/tr><tr><td>02.08<\/td><td>ostsin armatuurrauda<\/td><td><\/td><td>33.-<\/td><\/tr><tr><td>02.08<\/td><td>ostsin 6 kotti tsementi<\/td><td><\/td><td><\/td><td>44.-<\/td><\/tr><tr><td>21.08<\/td><td>ostsin 6 kotti tsementi<\/td><td><\/td><td>36.-<\/td><\/tr><tr><td>06.09<\/td><td>ostsin 9 kotti tsementi 58.-, 14 poorbetoonist vaheseina plokki 60.-, 4 kotti fibo liimi 16.- ja 1 koti poorbetooni segu 9.-<a href=\"https:\/\/maja.abel.ee\/pildid\/saun6.jpg\"><\/a><\/td><td><\/td><td><\/td><td>143.-<\/td><\/tr><tr><td>08.04<\/td><td>saagisime maha kontpuu hekid, et istutada asemele elupuud<\/td><td><\/td><td><\/td><td>487.-<\/td><\/tr><tr><td>10.09<\/td><td>juurisime heki<\/td><td><\/td><td><\/td><\/tr><tr><td>11.09<\/td><td>valasime j\u00e4rgmise osa terrassi p\u00f5randast<\/td><td><\/td><td><\/td><\/tr><tr><td>12.09<\/td><td>rentisin pinnasepuuri 20cm ja puurisin augud ja t\u00fcdrukud istustasid 80 taime ka kohe maha<\/td><td><\/td><td>42.-<\/td><\/tr><tr><td>13.09<\/td><td>valasime eelviimase osa terrassi p\u00f5randast, trimmerdasin kartulipealsed maha<\/td><td><\/td><td><\/td><\/tr><tr><td>kokku terrassile<\/td><td><\/td><td>369.-<\/td><td><\/td><\/tr><\/tbody><\/table><\/figure>\n<\/div>\n<\/div>\n<\/div><\/div>\n<\/div>\n<\/div>\n","protected":false},"excerpt":{"rendered":"<p>terrass ja hekk &nbsp;22.07 ostsime terrassim\u00f6\u00f6bli ja n\u00fc\u00fcd peab hakkama terrassi ehitama &nbsp;729.- valasime k\u00f5nnitee \u00e4\u00e4ri. ostsin 2 kotti tsementi &nbsp; hakkasime terrassi ehitama. henri oli abis ja kaevasime vundamendi kraavi &nbsp; tegin saalungeid valasime vundamendi 2 k\u00fclge valasime veel 2 k\u00fclge &nbsp;23.07 ostsin 57 fibo plokki &nbsp;113.- 28.07 ostsin survepesuri 104.- 30.07 ostsin nivelliiri [&hellip;]<\/p>\n","protected":false},"author":1,"featured_media":0,"parent":0,"menu_order":0,"comment_status":"closed","ping_status":"closed","template":"","meta":{"footnotes":""},"class_list":["post-1004","page","type-page","status-publish","hentry"],"_links":{"self":[{"href":"https:\/\/maja.abel.ee\/index.php?rest_route=\/wp\/v2\/pages\/1004","targetHints":{"allow":["GET"]}}],"collection":[{"href":"https:\/\/maja.abel.ee\/index.php?rest_route=\/wp\/v2\/pages"}],"about":[{"href":"https:\/\/maja.abel.ee\/index.php?rest_route=\/wp\/v2\/types\/page"}],"author":[{"embeddable":true,"href":"https:\/\/maja.abel.ee\/index.php?rest_route=\/wp\/v2\/users\/1"}],"replies":[{"embeddable":true,"href":"https:\/\/maja.abel.ee\/index.php?rest_route=%2Fwp%2Fv2%2Fcomments&post=1004"}],"version-history":[{"count":5,"href":"https:\/\/maja.abel.ee\/index.php?rest_route=\/wp\/v2\/pages\/1004\/revisions"}],"predecessor-version":[{"id":1016,"href":"https:\/\/maja.abel.ee\/index.php?rest_route=\/wp\/v2\/pages\/1004\/revisions\/1016"}],"wp:attachment":[{"href":"https:\/\/maja.abel.ee\/index.php?rest_route=%2Fwp%2Fv2%2Fmedia&parent=1004"}],"curies":[{"name":"wp","href":"https:\/\/api.w.org\/{rel}","templated":true}]}}